{"id":39,"date":"2025-09-14T17:37:30","date_gmt":"2025-09-14T17:37:30","guid":{"rendered":"https:\/\/adalimontero.pe\/?page_id=39"},"modified":"2025-09-14T17:42:31","modified_gmt":"2025-09-14T17:42:31","slug":"bio","status":"publish","type":"page","link":"https:\/\/adalimontero.pe\/index.php\/bio\/","title":{"rendered":"Bio"},"content":{"rendered":"\t\t<div data-elementor-type=\"wp-page\" data-elementor-id=\"39\" class=\"elementor elementor-39\" data-elementor-post-type=\"page\">\n\t\t\t\t<div class=\"elementor-element elementor-element-295af2c5 e-flex e-con-boxed e-con e-parent\" data-id=\"295af2c5\" data-element_type=\"container\" data-settings=\"{&quot;background_background&quot;:&quot;classic&quot;}\">\n\t\t\t\t\t<div class=\"e-con-inner\">\n\t\t\t\t<div class=\"elementor-element elementor-element-bbe39db elementor-widget elementor-widget-image\" data-id=\"bbe39db\" data-element_type=\"widget\" data-widget_type=\"image.default\">\n\t\t\t\t\t\t\t\t\t\t\t\t\t\t\t<img fetchpriority=\"high\" decoding=\"async\" width=\"800\" height=\"450\" src=\"https:\/\/adalimontero.pe\/wp-content\/uploads\/2025\/09\/maxresdefault2-1024x576.jpg\" class=\"attachment-large size-large wp-image-44\" alt=\"\" srcset=\"https:\/\/adalimontero.pe\/wp-content\/uploads\/2025\/09\/maxresdefault2-1024x576.jpg 1024w, https:\/\/adalimontero.pe\/wp-content\/uploads\/2025\/09\/maxresdefault2-300x169.jpg 300w, https:\/\/adalimontero.pe\/wp-content\/uploads\/2025\/09\/maxresdefault2-768x432.jpg 768w, https:\/\/adalimontero.pe\/wp-content\/uploads\/2025\/09\/maxresdefault2.jpg 1280w\" sizes=\"(max-width: 800px) 100vw, 800px\" \/>\t\t\t\t\t\t\t\t\t\t\t\t\t\t\t<\/div>\n\t\t\t\t<div class=\"elementor-element elementor-element-7ec5a1e elementor-widget elementor-widget-text-editor\" data-id=\"7ec5a1e\" data-element_type=\"widget\" data-widget_type=\"text-editor.default\">\n\t\t\t\t\t\t\t\t\t<p>Es una cantante y cantautora peruana reconocida por su voz poderosa y su estilo \u00fanico que fusiona blues, pop y ritmos latinos. Con una trayectoria marcada por la autenticidad y la resiliencia, Adal\u00ed ha construido una carrera independiente en la que combina su talento como int\u00e9rprete con su visi\u00f3n como productora y creadora de experiencias culturales.<\/p><p>Desde muy joven, Adal\u00ed encontr\u00f3 en la m\u00fasica un espacio para expresarse y sanar. Su voz la llev\u00f3 a escenarios importantes en Per\u00fa y el extranjero, participando en programas y festivales que impulsaron su visibilidad, como \u201cLa Voz Argentina\u201d. Estas experiencias fortalecieron su identidad art\u00edstica y le dieron la confianza para seguir construyendo su propio camino.<\/p><p><strong>Discograf\u00eda destacada:<\/strong><\/p><p><strong>Volver <\/strong>(2011) \u2013 Su primer \u00e1lbum de estudio, con el que marc\u00f3 su entrada oficial en la escena musical peruana.<\/p><p><strong>Solo una vez m\u00e1s<\/strong> (single) \u2013 Producido por Chema Salcedo, mostr\u00f3 su faceta m\u00e1s \u00edntima y su capacidad interpretativa.<\/p><p><strong>Hip\u00f3fisis<\/strong> (\u00e1lbum) \u2013 Grabado durante la pandemia en Argentina gracias al Ministerio de Cultura, es un disco experimental que explora nuevos sonidos y emociones.<\/p><p><strong>Mi\u00e9nteme<\/strong> (single) \u2013 Una innovadora fusi\u00f3n de cumbia con rock que refleja su versatilidad y conexi\u00f3n con las ra\u00edces latinoamericanas.<\/p><p>Adem\u00e1s de su faceta como int\u00e9rprete, Adal\u00ed ha sido coach en televisi\u00f3n, compartiendo su experiencia y formando nuevas voces: fue coach de \u201cOperaci\u00f3n Triunfo\u201d en Am\u00e9rica Televisi\u00f3n (Per\u00fa) y coach para Televisa en M\u00e9xico, consolid\u00e1ndose como referente de interpretaci\u00f3n y performance vocal en la regi\u00f3n.<\/p><p>En 2024 fund\u00f3 El Cuartel Records Per\u00fa, su productora musical y audiovisual, con la que desarrolla proyectos para artistas, marcas y empresas. Desde este espacio dirige la producci\u00f3n ejecutiva de eventos, lanzamientos musicales y experiencias inmersivas, integrando relaciones p\u00fablicas, marketing y management para artistas.<\/p><p>Ese mismo a\u00f1o lanz\u00f3 Cantina Emocional, un formato \u00edntimo y exclusivo donde combina m\u00fasica en vivo, historias personales y gastronom\u00eda en un ambiente bohemio y seguro. Con cupos limitados a 12 personas por sesi\u00f3n, este proyecto refleja su visi\u00f3n de la m\u00fasica como un ritual del alma, un espacio para compartir y sanar.<\/p><p>Adem\u00e1s, Adal\u00ed se ha posicionado como coach vocal y esc\u00e9nica, desarrollando un m\u00e9todo propio que une interpretaci\u00f3n, t\u00e9cnica y liberaci\u00f3n emocional. Con su enfoque terap\u00e9utico ayuda a ni\u00f1os, adolescentes y adultos a encontrar su voz aut\u00e9ntica, trabajando la seguridad esc\u00e9nica y el autoconocimiento a trav\u00e9s del canto.<\/p><p>Su carrera est\u00e1 atravesada por experiencias de perseverancia: luego de superar momentos dif\u00edciles, Adal\u00ed ha convertido la adversidad en fuerza creativa, inspirando a otros con su ejemplo de independencia y reinvenci\u00f3n. Hoy se encuentra en una etapa de expansi\u00f3n, liderando nuevos proyectos musicales, ense\u00f1ando interpretaci\u00f3n esc\u00e9nica y explorando formatos innovadores como noches de karaoke \u00edntimo, shows de humor musical y talleres corporativos.<\/p><p>Adal\u00ed Montero representa a una nueva generaci\u00f3n de artistas independientes en Per\u00fa: visionaria, aut\u00e9ntica y resiliente, con un profundo compromiso con su p\u00fablico y su comunidad. Su historia es testimonio de c\u00f3mo la m\u00fasica puede ser tanto un arte como una herramienta de transformaci\u00f3n personal y colectiva.<\/p>\t\t\t\t\t\t\t\t<\/div>\n\t\t\t\t<div class=\"elementor-element elementor-element-45f379f elementor-view-default elementor-widget elementor-widget-icon\" data-id=\"45f379f\" data-element_type=\"widget\" data-widget_type=\"icon.default\">\n\t\t\t\t\t\t\t<div class=\"elementor-icon-wrapper\">\n\t\t\t<a class=\"elementor-icon\" href=\"https:\/\/adalimontero.pe\/\">\n\t\t\t<svg aria-hidden=\"true\" class=\"e-font-icon-svg e-fas-backward\" viewBox=\"0 0 512 512\" xmlns=\"http:\/\/www.w3.org\/2000\/svg\"><path d=\"M11.5 280.6l192 160c20.6 17.2 52.5 2.8 52.5-24.6V96c0-27.4-31.9-41.8-52.5-24.6l-192 160c-15.3 12.8-15.3 36.4 0 49.2zm256 0l192 160c20.6 17.2 52.5 2.8 52.5-24.6V96c0-27.4-31.9-41.8-52.5-24.6l-192 160c-15.3 12.8-15.3 36.4 0 49.2z\"><\/path><\/svg>\t\t\t<\/a>\n\t\t<\/div>\n\t\t\t\t\t\t<\/div>\n\t\t\t\t\t<\/div>\n\t\t\t\t<\/div>\n\t\t\t\t<\/div>\n\t\t","protected":false},"excerpt":{"rendered":"<p>Es una cantante y cantautora peruana reconocida por su voz poderosa y su estilo \u00fanico que fusiona blues, pop y ritmos latinos. Con una trayectoria marcada por la autenticidad y la resiliencia, Adal\u00ed ha construido una carrera independiente en la que combina su talento como int\u00e9rprete con su visi\u00f3n como productora y creadora de experiencias [&hellip;]<\/p>\n","protected":false},"author":1,"featured_media":0,"parent":0,"menu_order":0,"comment_status":"closed","ping_status":"closed","template":"elementor_canvas","meta":{"footnotes":""},"class_list":["post-39","page","type-page","status-publish","hentry"],"_links":{"self":[{"href":"https:\/\/adalimontero.pe\/index.php\/wp-json\/wp\/v2\/pages\/39","targetHints":{"allow":["GET"]}}],"collection":[{"href":"https:\/\/adalimontero.pe\/index.php\/wp-json\/wp\/v2\/pages"}],"about":[{"href":"https:\/\/adalimontero.pe\/index.php\/wp-json\/wp\/v2\/types\/page"}],"author":[{"embeddable":true,"href":"https:\/\/adalimontero.pe\/index.php\/wp-json\/wp\/v2\/users\/1"}],"replies":[{"embeddable":true,"href":"https:\/\/adalimontero.pe\/index.php\/wp-json\/wp\/v2\/comments?post=39"}],"version-history":[{"count":4,"href":"https:\/\/adalimontero.pe\/index.php\/wp-json\/wp\/v2\/pages\/39\/revisions"}],"predecessor-version":[{"id":47,"href":"https:\/\/adalimontero.pe\/index.php\/wp-json\/wp\/v2\/pages\/39\/revisions\/47"}],"wp:attachment":[{"href":"https:\/\/adalimontero.pe\/index.php\/wp-json\/wp\/v2\/media?parent=39"}],"curies":[{"name":"wp","href":"https:\/\/api.w.org\/{rel}","templated":true}]}}